{"id":57,"date":"2021-01-01T13:30:14","date_gmt":"2021-01-01T12:30:14","guid":{"rendered":"http:\/\/toutevenement.fr\/evcv_new\/?page_id=57"},"modified":"2021-01-01T14:51:25","modified_gmt":"2021-01-01T13:51:25","slug":"vous-et-nous","status":"publish","type":"page","link":"https:\/\/toutevenement.fr\/evcv_new\/index.php\/vous-et-nous\/","title":{"rendered":"Vous et nous"},"content":{"rendered":"\n<h3 class=\"wp-block-heading\"><em><strong>Nous rejoindre<\/strong><\/em><\/h3>\n\n\n\n<p><em>Vous souhaitez chanter avec nous ?<\/em> <\/p>\n\n\n\n<p class=\"has-text-align-left\">Pour rejoindre l&#8217;ensemble, la connaissance du solf\u00e8ge n&#8217;est pas n\u00e9cessaire. Il n&#8217;est pas non plus n\u00e9cessaire d&#8217;avoir d\u00e9j\u00e0 chant\u00e9 dans une chorale ni d&#8217;avoir pris des cours de chant : il suffit de se laisser guider. L&#8217;exp\u00e9rience du chant reste cependant un plus non n\u00e9gligeable.<\/p>\n\n\n\n<p class=\"has-text-align-left\">L&#8217;adh\u00e9sion suppose bien \u00e9videmment un investissement et une participation \u00e0 toutes les r\u00e9p\u00e9titions et productions pr\u00e9vues. Les r\u00e9p\u00e9titions ont lieu chaque mardi de 20h \u00e0 22h00. Le lieu de r\u00e9p\u00e9tition est actuellement \u00e0 Marcq-en-Baroeul, dans les locaux paroissiaux de l&#8217;\u00e9glise Saint Paul (rue du G\u00e9n\u00e9ral Galli\u00e9ni).<\/p>\n\n\n\n<p><em>Peut-on faire un essai avant de s&#8217;inscrire ?<\/em><\/p>\n\n\n\n<p>Bien s\u00fbr, cet essai est recommand\u00e9 et n\u00e9cessaire pour d\u00e9terminer votre tessiture, pour savoir si le r\u00e9pertoire vous plait,  et voir si vous saurez vous adapter au groupe, au rythme de travail et accepter l&#8217;investissement demand\u00e9 et les moments de convivialit\u00e9!<\/p>\n\n\n\n<h3 class=\"wp-block-heading\"><em><strong>Nous programmer<\/strong><\/em> <\/h3>\n\n\n\n<h4 class=\"wp-block-heading\"><em>(mariages, concerts associatifs, en entreprise)<\/em><\/h4>\n\n\n\n<p><em>Je cherche une chorale pour mon&nbsp;mariage&#8230;<\/em><\/p>\n\n\n\n<p>L&#8217;ensemble Clara Voce peut se mobiliser pour donner un caract\u00e8re plus solennel ou plus joyeux \u00e0 la c\u00e9l\u00e9bration de votre mariage avec un r\u00e9pertoire adapt\u00e9 \u00e0 votre demande ( Choeur complet, petit choeur, solistes&#8230;)<\/p>\n\n\n\n<p>N&#8217;h\u00e9sitez pas \u00e0  prendre contact pour nous rencontrer, vous faire une id\u00e9e et pour en parler !<\/p>\n\n\n\n<p><em>Mon association \/ mon entreprise souhaite organiser un concert avec votre ensemble ?&nbsp;<\/em><\/p>\n\n\n\n<p>Nous \u00e9tudions toutes les propositions et essayons de r\u00e9pondre favorablement dans les limites du temps disponible des choristes et du planning annuel de l&#8217;ensemble.<\/p>\n","protected":false},"excerpt":{"rendered":"<p>Nous rejoindre Vous souhaitez chanter avec nous ? Pour rejoindre l&#8217;ensemble, la connaissance du solf\u00e8ge n&#8217;est pas n\u00e9cessaire. Il n&#8217;est pas non plus n\u00e9cessaire d&#8217;avoir d\u00e9j\u00e0 chant\u00e9 dans une chorale ni d&#8217;avoir pris des cours de chant : il suffit de se laisser guider. L&#8217;exp\u00e9rience du chant reste cependant un plus non n\u00e9gligeable. L&#8217;adh\u00e9sion suppose&hellip;<\/p>\n","protected":false},"author":1,"featured_media":0,"parent":0,"menu_order":0,"comment_status":"closed","ping_status":"closed","template":"","meta":{"footnotes":""},"_links":{"self":[{"href":"https:\/\/toutevenement.fr\/evcv_new\/index.php\/wp-json\/wp\/v2\/pages\/57"}],"collection":[{"href":"https:\/\/toutevenement.fr\/evcv_new\/index.php\/wp-json\/wp\/v2\/pages"}],"about":[{"href":"https:\/\/toutevenement.fr\/evcv_new\/index.php\/wp-json\/wp\/v2\/types\/page"}],"author":[{"embeddable":true,"href":"https:\/\/toutevenement.fr\/evcv_new\/index.php\/wp-json\/wp\/v2\/users\/1"}],"replies":[{"embeddable":true,"href":"https:\/\/toutevenement.fr\/evcv_new\/index.php\/wp-json\/wp\/v2\/comments?post=57"}],"version-history":[{"count":7,"href":"https:\/\/toutevenement.fr\/evcv_new\/index.php\/wp-json\/wp\/v2\/pages\/57\/revisions"}],"predecessor-version":[{"id":100,"href":"https:\/\/toutevenement.fr\/evcv_new\/index.php\/wp-json\/wp\/v2\/pages\/57\/revisions\/100"}],"wp:attachment":[{"href":"https:\/\/toutevenement.fr\/evcv_new\/index.php\/wp-json\/wp\/v2\/media?parent=57"}],"curies":[{"name":"wp","href":"https:\/\/api.w.org\/{rel}","templated":true}]}}